{"id":1210,"date":"2022-07-26T13:48:15","date_gmt":"2022-07-26T13:48:15","guid":{"rendered":"http:\/\/commercedesign.be\/?page_id=1210"},"modified":"2022-10-18T14:40:57","modified_gmt":"2022-10-18T14:40:57","slug":"publics-choice-awards","status":"publish","type":"page","link":"http:\/\/commercedesign.be\/?page_id=1210","title":{"rendered":"Commerce Design Award Ceremony  2023"},"content":{"rendered":"\n<p>Suite \u00e0 une pr\u00e9-s\u00e9lection sur dossier qui aura lieu en juin 2022, le jury va visiter une vingtaine de lieux inscrits.<\/p>\n\n\n\n<p>Le jury choisira ensuite 10 \u00e9tablissements parmi les concurrents inscrits. Les prix du jury seront d\u00e9cern\u00e9s lors de la soir\u00e9e de remise des prix des Commerce Design Awards en septembre 2022<\/p>\n\n\n\n<p>\u2013<\/p>\n\n\n\n<p>Na een voorselectie op basis van een dossier, die in juni 2022 zal plaatsvinden, zal de jury een twintigtal ingeschreven etablissementen bezoeken.<\/p>\n\n\n\n<p>De jury zal vervolgens 10 etablissementen kiezen uit de ingeschreven deelnemers. De prijzen van de jury worden uitgereikt op de Commerce Design Awards-avond in september 2022<\/p>\n\n\n\n<p>&#8211;<\/p>\n\n\n\n<p>Following a pre-selection on basis of a file, which will take place in June 2022, the jury will visit around twenty registered spaces.<\/p>\n\n\n\n<p>The jury will then choose ten spaces from the registered competitors. The Jury\u2019s prizes will be awarded during the Commerce Design Awards evening in September 2022<\/p>\n","protected":false},"excerpt":{"rendered":"<p>Suite \u00e0 une pr\u00e9-s\u00e9lection sur dossier qui aura lieu en juin 2022, le jury va visiter une vingtaine de lieux inscrits. Le jury choisira ensuite 10 \u00e9tablissements parmi les concurrents inscrits. Les prix du jury seront d\u00e9cern\u00e9s lors de la soir\u00e9e de remise des prix des Commerce Design Awards en septembre 2022 \u2013 Na een &hellip; <\/p>\n<p class=\"link-more\"><a href=\"http:\/\/commercedesign.be\/?page_id=1210\" class=\"more-link\">Continuer la lecture <span class=\"screen-reader-text\"> \u00ab\u00a0Commerce Design Award Ceremony  2023\u00a0\u00bb<\/span><\/a><\/p>\n","protected":false},"author":4,"featured_media":0,"parent":0,"menu_order":0,"comment_status":"closed","ping_status":"closed","template":"","meta":[],"_links":{"self":[{"href":"http:\/\/commercedesign.be\/index.php?rest_route=\/wp\/v2\/pages\/1210"}],"collection":[{"href":"http:\/\/commercedesign.be\/index.php?rest_route=\/wp\/v2\/pages"}],"about":[{"href":"http:\/\/commercedesign.be\/index.php?rest_route=\/wp\/v2\/types\/page"}],"author":[{"embeddable":true,"href":"http:\/\/commercedesign.be\/index.php?rest_route=\/wp\/v2\/users\/4"}],"replies":[{"embeddable":true,"href":"http:\/\/commercedesign.be\/index.php?rest_route=%2Fwp%2Fv2%2Fcomments&post=1210"}],"version-history":[{"count":3,"href":"http:\/\/commercedesign.be\/index.php?rest_route=\/wp\/v2\/pages\/1210\/revisions"}],"predecessor-version":[{"id":1471,"href":"http:\/\/commercedesign.be\/index.php?rest_route=\/wp\/v2\/pages\/1210\/revisions\/1471"}],"wp:attachment":[{"href":"http:\/\/commercedesign.be\/index.php?rest_route=%2Fwp%2Fv2%2Fmedia&parent=1210"}],"curies":[{"name":"wp","href":"https:\/\/api.w.org\/{rel}","templated":true}]}}